{"id":108,"date":"2018-11-05T11:57:59","date_gmt":"2018-11-05T16:57:59","guid":{"rendered":"http:\/\/chfrank.net\/wordpress\/?page_id=108"},"modified":"2023-07-06T15:08:25","modified_gmt":"2023-07-06T19:08:25","slug":"impressum","status":"publish","type":"page","link":"https:\/\/chfrank.net\/wordpress\/impressum\/","title":{"rendered":"Impressum"},"content":{"rendered":"<div id=\"u_fetchstream_16_a\" class=\"_5aj7 _3-8j\">\n<div class=\"_4bl9\">\n<div class=\"_3-8w\">\n<div id=\"id_5be074370021d1117129859\" class=\"text_exposed_root text_exposed\">\n<p>Impressum dieser Website erstellt \u00fcber den Generator der Deutschen Anwaltshotline AG<\/p>\n<p>Betreiber und Kontakt:<span class=\"text_exposed_show\"><br \/>\nChristian Frank<br \/>\nEintrachtstrasse 28<br \/>\n50668 K\u00f6ln<\/span><\/p>\n<p>Telefonnummer: +49 171 993 6814<br \/>\nE-Mail-Adresse: cfrank@chfrank.net<\/p>\n<p>USt.-IdNr.: DE327528115<\/p>\n<p>Verantwortlicher f\u00fcr journalistisch-redaktionelle Inhalte gem. \u00a7 55 II RstV:<\/p>\n<p>Christian Frank, ebenda<\/p>\n<p>Online-Streitbeilegung gem\u00e4\u00df Art. 14 Abs. 1 ODR-VO<br \/>\nDie Europ\u00e4ische Kommission stellt eine Plattform zur Online-Streitbeilegung (OS) bereit, die Sie unter\u00a0<span class=\"fwb\"><a href=\"https:\/\/ec.europa.eu\/consumers\/odr\/main\/index.cfm?event=main.home2.show&amp;lng=EN\" target=\"_blank\" rel=\"noopener nofollow noreferrer\" data-ft=\"{&quot;tn&quot;:&quot;-U&quot;}\" data-lynx-mode=\"asynclazy\">http:\/\/ec.europa.eu\/consumers\/odr\/<\/a><\/span>\u00a0finden.<\/p>\n<\/div>\n<\/div>\n<\/div>\n<div class=\"_4bl7\"><\/div>\n<\/div>\n<div id=\"u_fetchstream_16_c\" class=\"_5aj7 _3-8j\"><\/div>\n","protected":false},"excerpt":{"rendered":"<p>Impressum dieser Website erstellt \u00fcber den Generator der Deutschen Anwaltshotline AG Betreiber und Kontakt: Christian Frank Eintrachtstrasse 28 50668 K\u00f6ln Telefonnummer: +49 171 993 6814 E-Mail-Adresse: cfrank@chfrank.net USt.-IdNr.: DE327528115 Verantwortlicher f\u00fcr journalistisch-redaktionelle Inhalte gem. \u00a7 55 II RstV: Christian Frank, ebenda Online-Streitbeilegung gem\u00e4\u00df Art. 14 Abs. 1 ODR-VO Die Europ\u00e4ische Kommission stellt eine Plattform zur &hellip; <a href=\"https:\/\/chfrank.net\/wordpress\/impressum\/\" class=\"more-link\">Continue reading <span class=\"screen-reader-text\">Impressum<\/span><\/a><\/p>\n","protected":false},"author":1,"featured_media":0,"parent":0,"menu_order":0,"comment_status":"closed","ping_status":"closed","template":"","meta":{"jetpack_post_was_ever_published":false,"footnotes":""},"class_list":["post-108","page","type-page","status-publish","hentry"],"jetpack_shortlink":"https:\/\/wp.me\/PalXpA-1K","jetpack_likes_enabled":true,"jetpack_sharing_enabled":true,"_links":{"self":[{"href":"https:\/\/chfrank.net\/wordpress\/wp-json\/wp\/v2\/pages\/108","targetHints":{"allow":["GET"]}}],"collection":[{"href":"https:\/\/chfrank.net\/wordpress\/wp-json\/wp\/v2\/pages"}],"about":[{"href":"https:\/\/chfrank.net\/wordpress\/wp-json\/wp\/v2\/types\/page"}],"author":[{"embeddable":true,"href":"https:\/\/chfrank.net\/wordpress\/wp-json\/wp\/v2\/users\/1"}],"replies":[{"embeddable":true,"href":"https:\/\/chfrank.net\/wordpress\/wp-json\/wp\/v2\/comments?post=108"}],"version-history":[{"count":4,"href":"https:\/\/chfrank.net\/wordpress\/wp-json\/wp\/v2\/pages\/108\/revisions"}],"predecessor-version":[{"id":1810,"href":"https:\/\/chfrank.net\/wordpress\/wp-json\/wp\/v2\/pages\/108\/revisions\/1810"}],"wp:attachment":[{"href":"https:\/\/chfrank.net\/wordpress\/wp-json\/wp\/v2\/media?parent=108"}],"curies":[{"name":"wp","href":"https:\/\/api.w.org\/{rel}","templated":true}]}}